{"id":773,"date":"2020-05-17T10:17:53","date_gmt":"2020-05-17T08:17:53","guid":{"rendered":"https:\/\/kiosk.studio069.com\/?post_type=product&#038;p=773"},"modified":"2023-06-12T14:08:45","modified_gmt":"2023-06-12T12:08:45","slug":"cues","status":"publish","type":"product","link":"https:\/\/kiosk.studio069.com\/de\/produkt\/cues\/","title":{"rendered":"\u00c7\u00fc\u015f"},"content":{"rendered":"<p>Alle Einnahmen aus Verk\u00e4ufen des \u00bb\u00c7\u00fc\u015f\u00ab Shirts werden an medico international gespendet. Weiter Informationen hierzu findet ihr hier: <a href=\"https:\/\/www.medico.de\">medico international<\/a><\/p>\n","protected":false},"excerpt":{"rendered":"<p>Unisex T-Shirt, Fruit of the Loom in Weiss | Druck auf Vorder- und R\u00fcckseite | 100% Baumwolle<\/p>\n<p>\u00bb\u00c7\u00fc\u015f\u00ab bedeutet: \u00bbOha\u00ab, \u00bbOh ha!\u00ab, \u00bbBoah\u00ab, \u00bbHeftig\u00ab, \u00bbschau dir das an\u00ab, \u00bbKomm mal her\u00ab oder \u00bbkrass\u00ab. Er dr\u00fcckt Erstaunen aus.<br \/>\n\u00bb\u00c7\u00fc\u015f\u00ab wird \u00bb<span class=\"st\">tsch\u00fcsch\u00ab<\/span>\u00a0ausgesprochen. Das \u00c7 wird wie \u00bbch\u00ab ausgesprochen und das \u015f wie \u00bbsch\u00ab.<\/p>\n<p>\u00bb\u00c7\u00fc\u015f\u00ab ist eigentlich ein Kommando, um Pferde oder Esel anzuhalten.<\/p>\n","protected":false},"featured_media":838,"template":"","meta":[],"product_brand":[],"product_cat":[31],"product_tag":[],"class_list":{"0":"post-773","1":"product","2":"type-product","3":"status-publish","4":"has-post-thumbnail","6":"product_cat-t-shirts","8":"first","9":"outofstock","10":"taxable","11":"shipping-taxable","12":"product-type-variable"},"_links":{"self":[{"href":"https:\/\/kiosk.studio069.com\/de\/wp-json\/wp\/v2\/product\/773","targetHints":{"allow":["GET"]}}],"collection":[{"href":"https:\/\/kiosk.studio069.com\/de\/wp-json\/wp\/v2\/product"}],"about":[{"href":"https:\/\/kiosk.studio069.com\/de\/wp-json\/wp\/v2\/types\/product"}],"wp:featuredmedia":[{"embeddable":true,"href":"https:\/\/kiosk.studio069.com\/de\/wp-json\/wp\/v2\/media\/838"}],"wp:attachment":[{"href":"https:\/\/kiosk.studio069.com\/de\/wp-json\/wp\/v2\/media?parent=773"}],"wp:term":[{"taxonomy":"product_brand","embeddable":true,"href":"https:\/\/kiosk.studio069.com\/de\/wp-json\/wp\/v2\/product_brand?post=773"},{"taxonomy":"product_cat","embeddable":true,"href":"https:\/\/kiosk.studio069.com\/de\/wp-json\/wp\/v2\/product_cat?post=773"},{"taxonomy":"product_tag","embeddable":true,"href":"https:\/\/kiosk.studio069.com\/de\/wp-json\/wp\/v2\/product_tag?post=773"}],"curies":[{"name":"wp","href":"https:\/\/api.w.org\/{rel}","templated":true}]}}