{"id":26,"date":"2017-06-12T18:01:27","date_gmt":"2017-06-12T16:01:27","guid":{"rendered":"http:\/\/kiosk.studio069.com\/?page_id=26"},"modified":"2022-02-22T17:21:29","modified_gmt":"2022-02-22T16:21:29","slug":"agbs","status":"publish","type":"page","link":"https:\/\/kiosk.studio069.com\/de\/agbs\/","title":{"rendered":"AGBs"},"content":{"rendered":"\n<div class=\"translation-block\"><h2>AGB f\u00fcr E-Commerce und Online-Shopping<\/h2>\n<strong>Allgemeine Verkaufsbedingungen Online-Shop<\/strong>\n<ul>\n \t<li><strong>1 Geltungsbereich<\/strong><\/li>\n<\/ul>\n(1) Diese Allgemeinen Verkaufsbedingungen (im Folgenden: AGB) gelten f\u00fcr alle \u00fcber unseren Online-Shop geschlossenen Vertr\u00e4ge zwischen uns, der\n\nstudio069,\nElkenbachstra\u00dfe 28, 60316 Frankfurt am Main\nGesch\u00e4ftsf\u00fchrer: Felix Kosok\nTelefonnumer: +4915146429373\nE-Mail Adresse: kiosk@studio069.com\n\nund Ihnen als unseren Kunden. Die AGB gelten unabh\u00e4ngig davon, ob Sie Verbraucher, Unternehmer oder Kaufmann sind.\n\n(2) Alle zwischen Ihnen und uns im Zusammenhang mit dem Kaufvertrag getroffenen Vereinbarungen ergeben sich insbesondere aus diesen Verkaufsbedingungen, unserer schriftlichen Auftragsbest\u00e4tigung und unserer Annahmeerkl\u00e4rung.\n\n(3) Ma\u00dfgebend ist die jeweils bei Abschluss des Vertrags g\u00fcltige Fassung der AGB.\n\n(4) Abweichende Bedingungen des Kunden akzeptieren wir nicht. Dies gilt auch, wenn wir der Einbeziehung nicht ausdr\u00fccklich widersprechen.\n<ul>\n \t<li><strong>2 Vertragsschluss<\/strong><\/li>\n<\/ul>\n(1) Die Pr\u00e4sentation und Bewerbung von Artikeln in unserem Online-Shop stellt kein bindendes Angebot zum Abschluss eines Kaufvertrags dar.\n\n(2) Mit dem Absenden einer Bestellung \u00fcber den Online-Shop durch Anklicken des Buttons \u201ezahlungspflichtig bestellen\u201c geben Sie eine rechtsverbindliche Bestellung ab. Sie sind an die Bestellung f\u00fcr die Dauer von zwei (2) Wochen nach Abgabe der Bestellung gebunden; Ihr gegebenenfalls nach \u00a7 3 bestehendes Recht, Ihre Bestellung zu widerrufen, bleibt hiervon unber\u00fchrt.\n\n(3) Wir werden den Zugang Ihrer \u00fcber unseren Online-Shop abgegebenen Bestellung unverz\u00fcglich per E-Mail best\u00e4tigen. In einer solchen E-Mail liegt noch keine verbindliche Annahme der Bestellung, es sei denn, darin wird neben der Best\u00e4tigung des Zugangs zugleich die Annahme erkl\u00e4rt.\n\n(4) Ein Vertrag kommt erst zustande, wenn wir Ihre Bestellung durch eine Annahmeerkl\u00e4rung oder durch die Lieferung der bestellten Artikel annehmen.\n\n(5) Bestellungen von Lieferungen ins Ausland k\u00f6nnen wir nur ab einem Mindestbestellwert ber\u00fccksichtigen. Den Mindestbestellwert k\u00f6nnen Sie den in unserem Online-Shop bereit gestellten Preisinformationen entnehmen.\n\n(6) Sollte die Lieferung der von Ihnen bestellten Ware nicht m\u00f6glich sein, etwa weil die entsprechende Ware nicht auf Lager ist, sehen wir von einer Annahmerkl\u00e4rung ab. In diesem Fall kommt ein Vertrag nicht zustande. Wir werden Sie dar\u00fcber unverz\u00fcglich informieren und bereits erhaltene Gegenleistungen unverz\u00fcglich zur\u00fcckerstatten.\n<ul>\n \t<li><strong>3 Widerrufsrecht<\/strong><\/li>\n<\/ul>\n(1) Wenn Sie Verbraucher sind (also eine nat\u00fcrliche Person, die die Bestellung zu einem Zweck abgibt, der weder Ihrer gewerblichen oder selbst\u00e4ndigen beruflichen T\u00e4tigkeit zugerechnet werden kann), steht Ihnen nach Ma\u00dfgabe der gesetzlichen Bestimmungen ein Widerrufsrecht zu.\n\n(2) Machen Sie als Verbraucher von Ihrem Widerrufsrecht nach Ziffer 1 Gebrauch, so haben Sie die regelm\u00e4\u00dfigen Kosten der R\u00fccksendung zu tragen.\n\n(3) Im \u00dcbrigen gelten f\u00fcr das Widerrufsrecht die Regelungen, die im Einzelnen wiedergegeben sind in der folgenden\n\nWiderrufsbelehrung\n\nWiderrufsrecht\n\nSie haben das Recht, binnen vierzehn Tagen ohne Angabe von Gr\u00fcnden diesen Vertrag zu widerrufen.\n\nDie Widerrufsfrist betr\u00e4gt vierzehn Tage ab dem Tag an dem Sie oder ein von Ihnen benannter Dritter, der nicht der Bef\u00f6rderer ist, die Waren in Besitz genommen haben bzw. hat.\n\nUm Ihr Widerrufsrecht auszu\u00fcben, m\u00fcssen Sie uns , studio069 (kiosk@studio069.com) mittels einer eindeutigen Erkl\u00e4rung (z.B. ein mit der Post versandter Brief, Telefax oder E-Mail) \u00fcber Ihren Entschluss, diesen Vertrag zu widerrufen, informieren. Sie k\u00f6nnen daf\u00fcr das beigef\u00fcgte Muster-Widerrufsformular verwenden, das jedoch nicht vorgeschrieben ist. Sie k\u00f6nnen das Muster- Widerrufsformular oder eine andere eindeutige Erkl\u00e4rung auch auf unserer Webseite [Internet-Adresse einf\u00fcgen] elektronisch ausf\u00fcllen und \u00fcbermitteln. Machen Sie von dieser M\u00f6glichkeit Gebrauch, so werden wir Ihnen unverz\u00fcglich (z.B. per E-Mail) eine Best\u00e4tigung \u00fcber den Eingang eines solchen Widerrufs \u00fcbermitteln.\n\nZur Wahrung der Widerrufsfrist reicht es aus, dass Sie die Mitteilung \u00fcber die Aus\u00fcbung des Widerrufsrechts vor Ablauf der Widerrufsfrist absenden.\n\nFolgen des Widerrufs\n\nWenn Sie diesen Vertrag widerrufen, haben wir Ihnen alle Zahlungen, die wir von Ihnen erhalten haben, einschlie\u00dflich der Lieferkosten (mit Ausnahme der zus\u00e4tzlichen Kosten, die sich daraus ergeben, dass Sie eine andere Art der Lieferung als die von uns angebotene, g\u00fcnstigste Standardlieferung gew\u00e4hlt haben), unverz\u00fcglich und sp\u00e4testens binnen vierzehn Tagen ab dem Tag zur\u00fcckzuzahlen, an dem die Mitteilung \u00fcber Ihren Widerruf dieses Vertrags bei uns eingegangen ist. F\u00fcr diese R\u00fcckzahlung verwenden wir dasselbe Zahlungsmittel, das Sie bei der urspr\u00fcnglichen Transaktion eingesetzt haben, es sei denn, mit Ihnen wurde ausdr\u00fccklich etwas anderes vereinbart; in keinem Fall werden Ihnen wegen dieser R\u00fcckzahlung Entgelte berechnet. Wir k\u00f6nnen die R\u00fcckzahlung verweigern, bis wir die Waren wieder zur\u00fcckerhalten haben oder bis Sie den Nachweis erbracht haben, dass Sie die Waren zur\u00fcckgesandt haben, je nachdem, welches der fr\u00fchere Zeitpunkt ist.\n\nSie haben die Waren unverz\u00fcglich und in jedem Fall sp\u00e4testens binnen vierzehn Tagen ab dem Tag, an dem Sie uns \u00fcber den Widerruf dieses Vertrages unterrichten, an uns oder an [hier sind gegebenenfalls der Name und die Anschrift der von Ihnen zur Entgegennahme der Ware erm\u00e4chtigten Person einzuf\u00fcgen] zur\u00fcckzusenden oder zu \u00fcbergeben. Die Frist ist gewahrt, wenn Sie die Waren vor Ablauf der Frist von vierzehn Tagen absenden.\n\nSie tragen die unmittelbaren Kosten der R\u00fccksendung der Waren.\n\nSie m\u00fcssen f\u00fcr einen etwaigen Wertverlust der Waren nur aufkommen, wenn dieser Wertverlust auf einen zur Pr\u00fcfung der Beschaffenheit, Eigenschaften und Funktionsweise der Waren nicht notwendigen Umgang mit ihnen zur\u00fcckzuf\u00fchren ist.\n\n&#8211; Ende der Widerrufsbelehrung-\n\n(4) Das Widerrufsrecht besteht nicht bei Fernabsatzvertr\u00e4gen\n\n(a) zur Lieferung von Waren, die nach Kundenspezifikation angefertigt wurden oder die eindeutig auf die pers\u00f6nlichen Bed\u00fcrfnisse zugeschnitten sind oder die aufgrund ihrer Beschaffenheit nicht f\u00fcr eine R\u00fccksendung geeignet sind oder schnell verderben k\u00f6nnen oder deren Verfallsdatum \u00fcberschritten w\u00fcrde,\n\n(b) zur Lieferung von Audio- oder Videoaufzeichnungen oder von Software, sofern Sie die gelieferten Datentr\u00e4ger entsiegelt haben.\n<ul>\n \t<li><strong>4 Lieferbedingungen und Vorbehalt der Vorkassezahlung<\/strong><\/li>\n<\/ul>\n(1) Wir sind zu Teillieferungen berechtigt, soweit dies f\u00fcr Sie zumutbar ist.\n\n(2) Die Lieferfrist betr\u00e4gt circa f\u00fcnf (5) Werktage, soweit nichts anderes vereinbart wurde. Sie beginnt \u2013 vorbehaltlich der Regelung in Abs. 3 \u2013 mit Vertragsschluss.\n\n(3) Bei Bestellungen von Kunden mit Wohn- oder Gesch\u00e4ftssitz im Ausland oder bei begr\u00fcndeten Anhaltspunkten f\u00fcr ein Zahlungsausfallrisiko behalten wir uns vor, erst nach Erhalt des Kaufpreises nebst Versandkosten zu liefern (Vorkassevorbehalt). Falls wir von dem Vorkassevorbehalt Gebrauch machen, werden wir Sie unverz\u00fcglich unterrichten. In diesem Fall beginnt die Lieferfrist mit Bezahlung des Kaufpreises und der Versandkosten.\n<ul>\n \t<li><strong>5 Preise und Versandkosten<\/strong><\/li>\n<\/ul>\n(1) S\u00e4mtliche Preisangaben in unserem Online-Shop sind Bruttopreise inklusive der gesetzlichen Umsatzsteuer und verstehen sich zuz\u00fcglich anfallender Versandkosten.\n\n(2) Die Versandkosten sind in unseren Preisangaben in unserem Online-Shop angegeben. Der Preis einschlie\u00dflich Umsatzsteuer und anfallender Versandkosten wird au\u00dferdem in der Bestellmaske angezeigt, bevor Sie die Bestellung absenden.\n\n(3) Wenn wir Ihre Bestellung gem\u00e4\u00df \u00a7 4 Abs. 1 durch Teillieferungen erf\u00fcllen, entstehen Ihnen nur f\u00fcr die erste Teillieferung Versandkosten. Erfolgen die Teillieferungen auf Ihren Wunsch, berechnen wir f\u00fcr jede Teillieferung Versandkosten.\n\n(4) Wenn Sie Ihre Vertragserkl\u00e4rung wirksam gem\u00e4\u00df \u00a7 3 widerrufen, k\u00f6nnen Sie unter den gesetzlichen Voraussetzungen die Erstattung bereits bezahlter Kosten f\u00fcr den Versand zu Ihnen (Hinsendekosten) verlangen (vgl. zu sonstigen Widerrufsfolgen \u00a7 3 Abs. 3).\n<ul>\n \t<li><strong>6 Zahlungsbedingungen und Aufrechnung und Zur\u00fcckbehaltungsrecht<\/strong><\/li>\n<\/ul>\n(1) Der Kaufpreis und die Versandkosten sind sp\u00e4testens binnen zwei (2) Wochen ab Zugang unserer Rechnung zu bezahlen.\n\n(2) Sie k\u00f6nnen den Kaufpreis und die Versandkosten nach Ihrer Wahl auf unser im Online-Shop angegebenes Konto \u00fcberweisen, uns eine Einzugserm\u00e4chtigung erteilen oder per EC-\/Maestro- oder Kreditkarte bezahlen. Im Fall einer erteilten Einzugserm\u00e4chtigung oder der Zahlung per EC-\/Maestro- oder Kreditkarte werden wir die Belastung Ihres Kontos fr\u00fchestens zu dem in Abs. 1 geregelten Zeitpunkt veranlassen. Eine erteilte Einzugserm\u00e4chtigung gilt bis auf Widerruf auch f\u00fcr weitere Bestellungen.\n\n(3) Sie sind nicht berechtigt, gegen\u00fcber unseren Forderungen aufzurechnen, es sei denn, Ihre Gegenanspr\u00fcche sind rechtskr\u00e4ftig festgestellt oder unbestritten. Sie sind zur Aufrechnung gegen\u00fcber unseren Forderungen auch berechtigt, wenn Sie M\u00e4ngelr\u00fcgen oder Gegenanspr\u00fcche aus demselben Kaufvertrag geltend machen.\n\n(4) Als K\u00e4ufer d\u00fcrfen Sie ein Zur\u00fcckbehaltungsrecht nur dann aus\u00fcben, wenn Ihr Gegenanspruch aus demselben Kaufvertrag herr\u00fchrt.\n<ul>\n \t<li><strong>7 Eigentumsvorbehalt<\/strong><\/li>\n<\/ul>\nDie gelieferte Ware bleibt bis zur vollst\u00e4ndigen Bezahlung des Kaufpreises in unserem Eigentum.\n<ul>\n \t<li><strong>8 Gew\u00e4hrleistung<\/strong><\/li>\n<\/ul>\n(1) Wir haften f\u00fcr Sach- oder Rechtsm\u00e4ngel gelieferter Artikel nach den geltenden gesetzlichen Vorschriften, insbesondere \u00a7\u00a7 434 ff. BGB. Die Verj\u00e4hrungsfrist f\u00fcr gesetzliche M\u00e4ngelanspr\u00fcche betr\u00e4gt zwei Jahre und beginnt mit der Ablieferung der Ware.\n\n(2) Etwaige von uns gegebene Verk\u00e4ufergarantien f\u00fcr bestimmte Artikel oder von den Herstellern bestimmter Artikel einger\u00e4umte Herstellergarantien treten neben die Anspr\u00fcche wegen Sach- oder Rechtsm\u00e4ngeln im Sinne von Abs. 1. Einzelheiten des Umfangs solcher Garantien ergeben sich aus den Garantiebedingungen, die den Artikeln gegebenenfalls beiliegen.\n<ul>\n \t<li><strong>9 Haftung<\/strong><\/li>\n<\/ul>\n(1) Wir haften Ihnen gegen\u00fcber in allen F\u00e4llen vertraglicher und au\u00dfervertraglicher Haftung bei Vorsatz und grober Fahrl\u00e4ssigkeit nach Ma\u00dfgabe der gesetzlichen Bestimmungen auf Schadensersatz oder Ersatz vergeblicher Aufwendungen.\n\n(2) In sonstigen F\u00e4llen haften wir \u2013 soweit in Abs. 3 nicht abweichend geregelt \u2013 nur bei Verletzung einer Vertragspflicht, deren Erf\u00fcllung die ordnungsgem\u00e4\u00dfe Durchf\u00fchrung des Vertrags \u00fcberhaupt erst erm\u00f6glicht und auf deren Einhaltung Sie als Kunde regelm\u00e4\u00dfig vertrauen d\u00fcrfen (so genannte Kardinalpflicht), und zwar beschr\u00e4nkt auf den Ersatz des vorhersehbaren und typischen Schadens. In allen \u00fcbrigen F\u00e4llen ist unsere Haftung vorbehaltlich der Regelung in Abs. 3 ausgeschlossen.\n\n(3) Unsere Haftung f\u00fcr Sch\u00e4den aus der Verletzung des Lebens, des K\u00f6rpers oder der Gesundheit und nach dem Produkthaftungsgesetz bleibt von den vorstehenden Haftungsbeschr\u00e4nkungen und \u2013ausschl\u00fcssen unber\u00fchrt.\n<ul>\n \t<li><strong>10 Urheberrechte<\/strong><\/li>\n<\/ul>\nWir haben an allen Bildern, Filme und Texten, die in unserem Online Shop ver\u00f6ffentlicht werden, Urheberrechte. Eine Verwendung der Bilder, Filme und Texte, ist ohne unsere ausdr\u00fcckliche Zustimmung nicht gestattet.\n<ul>\n \t<li><strong>11 Anwendbares Recht und Gerichtsstand<\/strong><\/li>\n<\/ul>\n(1) Es gilt das Recht der Bundesrepublik Deutschland unter Ausschluss des UN-Kaufrechts. Wenn Sie die Bestellung als Verbraucher abgegeben haben und zum Zeitpunkt Ihrer Bestellung Ihren gew\u00f6hnlichen Aufenthalt in einem anderen Land haben, bleibt die Anwendung zwingender Rechtsvorschriften dieses Landes von der in Satz 1 getroffenen Rechtswahl unber\u00fchrt.\n\n(2) Wenn Sie Kaufmann sind und Ihren Sitz zum Zeitpunkt der Bestellung in Deutschland haben, ist ausschlie\u00dflicher Gerichtsstand der Sitz des Verk\u00e4ufers, &#8230; . Im \u00dcbrigen gelten f\u00fcr die \u00f6rtliche und die internationale Zust\u00e4ndigkeit die anwendbaren gesetzlichen Bestimmungen.<\/div>\n","protected":false},"excerpt":{"rendered":"<p>AGB f\u00fcr E-Commerce und Online-Shopping Allgemeine Verkaufsbedingungen Online-Shop 1 Geltungsbereich (1) Diese Allgemeinen Verkaufsbedingungen (im Folgenden: AGB) gelten f\u00fcr alle \u00fcber unseren Online-Shop geschlossenen Vertr\u00e4ge zwischen uns, der studio069, Elkenbachstra\u00dfe 28, 60316 Frankfurt am Main Gesch\u00e4ftsf\u00fchrer: Felix Kosok Telefonnumer: +4915146429373 E-Mail Adresse: kiosk@studio069.com und Ihnen als unseren Kunden. Die AGB gelten unabh\u00e4ngig davon, ob Sie [&#8230;]\n","protected":false},"author":1,"featured_media":0,"parent":0,"menu_order":0,"comment_status":"closed","ping_status":"closed","template":"","meta":{"footnotes":""},"class_list":["post-26","page","type-page","status-publish","hentry"],"_links":{"self":[{"href":"https:\/\/kiosk.studio069.com\/de\/wp-json\/wp\/v2\/pages\/26","targetHints":{"allow":["GET"]}}],"collection":[{"href":"https:\/\/kiosk.studio069.com\/de\/wp-json\/wp\/v2\/pages"}],"about":[{"href":"https:\/\/kiosk.studio069.com\/de\/wp-json\/wp\/v2\/types\/page"}],"author":[{"embeddable":true,"href":"https:\/\/kiosk.studio069.com\/de\/wp-json\/wp\/v2\/users\/1"}],"replies":[{"embeddable":true,"href":"https:\/\/kiosk.studio069.com\/de\/wp-json\/wp\/v2\/comments?post=26"}],"version-history":[{"count":6,"href":"https:\/\/kiosk.studio069.com\/de\/wp-json\/wp\/v2\/pages\/26\/revisions"}],"predecessor-version":[{"id":1101,"href":"https:\/\/kiosk.studio069.com\/de\/wp-json\/wp\/v2\/pages\/26\/revisions\/1101"}],"wp:attachment":[{"href":"https:\/\/kiosk.studio069.com\/de\/wp-json\/wp\/v2\/media?parent=26"}],"curies":[{"name":"wp","href":"https:\/\/api.w.org\/{rel}","templated":true}]}}